{"id":10,"date":"2012-07-26T19:35:33","date_gmt":"2012-07-26T19:35:33","guid":{"rendered":"http:\/\/www.immase.com.mx\/mex\/?page_id=10"},"modified":"2021-03-12T15:57:53","modified_gmt":"2021-03-12T21:57:53","slug":"nosotros","status":"publish","type":"page","link":"https:\/\/suspensionyplafonesam.com.mx\/","title":{"rendered":"Nosotros"},"content":{"rendered":"<div style=\"width: 720px;\" class=\"wp-video\"><!--[if lt IE 9]><script>document.createElement('video');<\/script><![endif]-->\n<video class=\"wp-video-shortcode\" id=\"video-10-1\" width=\"720\" height=\"405\" loop=\"1\" autoplay=\"1\" preload=\"metadata\" controls=\"controls\"><source type=\"video\/mp4\" src=\"https:\/\/suspensionyplafonesam.com.mx\/wp-content\/uploads\/SUSPENSION-Y-PLAFONES-AM.mp4?_=1\" \/><a href=\"https:\/\/suspensionyplafonesam.com.mx\/wp-content\/uploads\/SUSPENSION-Y-PLAFONES-AM.mp4\">https:\/\/suspensionyplafonesam.com.mx\/wp-content\/uploads\/SUSPENSION-Y-PLAFONES-AM.mp4<\/a><\/video><\/div>\n<p>&nbsp;<\/p>\n<p style=\"text-align: center;\"><a href=\"https:\/\/suspensionyplafonesam.com.mx\/nosotros\/social-media\/\" rel=\"attachment wp-att-472\"><img decoding=\"async\" loading=\"lazy\" class=\"aligncenter wp-image-482 size-full\" src=\"https:\/\/suspensionyplafonesam.com.mx\/wp-content\/uploads\/Plafones-venta-e-instalacio\u0301n.jpg\" alt=\"\" width=\"891\" height=\"892\" srcset=\"https:\/\/suspensionyplafonesam.com.mx\/wp-content\/uploads\/Plafones-venta-e-instalacio\u0301n.jpg 891w, https:\/\/suspensionyplafonesam.com.mx\/wp-content\/uploads\/Plafones-venta-e-instalacio\u0301n-150x150.jpg 150w, https:\/\/suspensionyplafonesam.com.mx\/wp-content\/uploads\/Plafones-venta-e-instalacio\u0301n-300x300.jpg 300w, https:\/\/suspensionyplafonesam.com.mx\/wp-content\/uploads\/Plafones-venta-e-instalacio\u0301n-768x769.jpg 768w, https:\/\/suspensionyplafonesam.com.mx\/wp-content\/uploads\/Plafones-venta-e-instalacio\u0301n-230x230.jpg 230w, https:\/\/suspensionyplafonesam.com.mx\/wp-content\/uploads\/Plafones-venta-e-instalacio\u0301n-365x365.jpg 365w\" sizes=\"(max-width: 891px) 100vw, 891px\" \/><\/a><a href=\"https:\/\/suspensionyplafonesam.com.mx\/nosotros\/suspension-y-plafones\/\" rel=\"attachment wp-att-413\"><br \/>\n<\/a><\/p>\n<h2><span style=\"color: #ff0000;\">Quienes somos:<\/span><\/h2>\n<p style=\"text-align: justify;\">Empresa fundada hace m\u00e1s de 30 a\u00f1os especializada en sistemas de construcci\u00f3n.\u00a0Nuestra empresa se caracteriza por contar con el personal especializado y hacer mas productiva nuestra actividad.<\/p>\n<p style=\"text-align: justify;\">Considerando que para cualquier empresa es importante contar con proveedores confiables y capaces, ponemos a su disposici\u00f3n toda nuestra experiencia y capacidad de servicio e instalaci\u00f3n para el mejor logro de sus proyectos.<\/p>\n<p style=\"text-align: center;\"><a href=\"https:\/\/suspensionyplafonesam.com.mx\/servicios\/\" rel=\"attachment wp-att-431\"><img decoding=\"async\" loading=\"lazy\" class=\"alignnone wp-image-431 size-medium\" src=\"https:\/\/suspensionyplafonesam.com.mx\/wp-content\/uploads\/suspension-y-plafones-am-proyecto-1-300x225.jpg\" alt=\"suspension-y-plafones-am-proyecto-1\" width=\"300\" height=\"225\" srcset=\"https:\/\/suspensionyplafonesam.com.mx\/wp-content\/uploads\/suspension-y-plafones-am-proyecto-1-300x225.jpg 300w, https:\/\/suspensionyplafonesam.com.mx\/wp-content\/uploads\/suspension-y-plafones-am-proyecto-1.jpg 500w\" sizes=\"(max-width: 300px) 100vw, 300px\" \/><\/a>\u00a0.\u00a0<a href=\"https:\/\/suspensionyplafonesam.com.mx\/servicios\/\" rel=\"attachment wp-att-432\"><img decoding=\"async\" loading=\"lazy\" class=\"alignnone wp-image-432 size-medium\" src=\"https:\/\/suspensionyplafonesam.com.mx\/wp-content\/uploads\/suspension-y-plafones-am-proyecto-2-300x225.jpg\" alt=\"suspension-y-plafones-am-proyecto-2\" width=\"300\" height=\"225\" srcset=\"https:\/\/suspensionyplafonesam.com.mx\/wp-content\/uploads\/suspension-y-plafones-am-proyecto-2-300x225.jpg 300w, https:\/\/suspensionyplafonesam.com.mx\/wp-content\/uploads\/suspension-y-plafones-am-proyecto-2.jpg 500w\" sizes=\"(max-width: 300px) 100vw, 300px\" \/><\/a><\/p>\n<p style=\"text-align: center;\">\u00a0<span style=\"color: #808080;\"><strong>VENTA E INSTALACION EN TODA LA REPUBLICA MEXICANA.<\/strong><\/span><\/p>\n<p style=\"text-align: center;\"><strong>Somos distribuidores de las mejores marcas:<\/strong><\/p>\n<div id='gallery-1' class='gallery galleryid-10 gallery-columns-3 gallery-size-medium'><figure class='gallery-item'>\n\t\t\t<div class='gallery-icon landscape'>\n\t\t\t\t<a href='https:\/\/suspensionyplafonesam.com.mx\/?attachment_id=446'><img width=\"200\" height=\"128\" src=\"https:\/\/suspensionyplafonesam.com.mx\/wp-content\/uploads\/logo-suspension-plafones-am2.jpg\" class=\"attachment-medium size-medium\" alt=\"Suspension y Plafones AM\" decoding=\"async\" loading=\"lazy\" \/><\/a>\n\t\t\t<\/div><\/figure><figure class='gallery-item'>\n\t\t\t<div class='gallery-icon landscape'>\n\t\t\t\t<a href='https:\/\/suspensionyplafonesam.com.mx\/?attachment_id=449'><img width=\"180\" height=\"180\" src=\"https:\/\/suspensionyplafonesam.com.mx\/wp-content\/uploads\/logo-pinturas-berel-3.jpg\" class=\"attachment-medium size-medium\" alt=\"Pinturas Berel\" decoding=\"async\" loading=\"lazy\" srcset=\"https:\/\/suspensionyplafonesam.com.mx\/wp-content\/uploads\/logo-pinturas-berel-3.jpg 180w, https:\/\/suspensionyplafonesam.com.mx\/wp-content\/uploads\/logo-pinturas-berel-3-150x150.jpg 150w\" sizes=\"(max-width: 180px) 100vw, 180px\" \/><\/a>\n\t\t\t<\/div><\/figure><figure class='gallery-item'>\n\t\t\t<div class='gallery-icon landscape'>\n\t\t\t\t<a href='https:\/\/suspensionyplafonesam.com.mx\/?attachment_id=487'><img width=\"180\" height=\"180\" src=\"https:\/\/suspensionyplafonesam.com.mx\/wp-content\/uploads\/logo-panel-rey-3.jpg\" class=\"attachment-medium size-medium\" alt=\"panel rey\" decoding=\"async\" loading=\"lazy\" srcset=\"https:\/\/suspensionyplafonesam.com.mx\/wp-content\/uploads\/logo-panel-rey-3.jpg 180w, https:\/\/suspensionyplafonesam.com.mx\/wp-content\/uploads\/logo-panel-rey-3-150x150.jpg 150w\" sizes=\"(max-width: 180px) 100vw, 180px\" \/><\/a>\n\t\t\t<\/div><\/figure><figure class='gallery-item'>\n\t\t\t<div class='gallery-icon landscape'>\n\t\t\t\t<a href='https:\/\/suspensionyplafonesam.com.mx\/?attachment_id=69'><img width=\"150\" height=\"150\" src=\"https:\/\/suspensionyplafonesam.com.mx\/wp-content\/uploads\/usg1.gif\" class=\"attachment-medium size-medium\" alt=\"\" decoding=\"async\" loading=\"lazy\" \/><\/a>\n\t\t\t<\/div><\/figure><figure class='gallery-item'>\n\t\t\t<div class='gallery-icon landscape'>\n\t\t\t\t<a href='https:\/\/suspensionyplafonesam.com.mx\/?attachment_id=75'><img width=\"150\" height=\"150\" src=\"https:\/\/suspensionyplafonesam.com.mx\/wp-content\/uploads\/corev1.gif\" class=\"attachment-medium size-medium\" alt=\"\" decoding=\"async\" loading=\"lazy\" \/><\/a>\n\t\t\t<\/div><\/figure><figure class='gallery-item'>\n\t\t\t<div class='gallery-icon landscape'>\n\t\t\t\t<a href='https:\/\/suspensionyplafonesam.com.mx\/?attachment_id=485'><img width=\"180\" height=\"180\" src=\"https:\/\/suspensionyplafonesam.com.mx\/wp-content\/uploads\/logo-saint-gobain-3.jpg\" class=\"attachment-medium size-medium\" alt=\"Plaka Saint-Gobain\" decoding=\"async\" loading=\"lazy\" srcset=\"https:\/\/suspensionyplafonesam.com.mx\/wp-content\/uploads\/logo-saint-gobain-3.jpg 180w, https:\/\/suspensionyplafonesam.com.mx\/wp-content\/uploads\/logo-saint-gobain-3-150x150.jpg 150w\" sizes=\"(max-width: 180px) 100vw, 180px\" \/><\/a>\n\t\t\t<\/div><\/figure>\n\t\t<\/div>\n\n","protected":false},"excerpt":{"rendered":"<p>&nbsp; Quienes somos: Empresa fundada hace m\u00e1s de 30 a\u00f1os especializada en sistemas de construcci\u00f3n.\u00a0Nuestra empresa se caracteriza por contar con el personal especializado y hacer mas productiva nuestra actividad. Considerando que para cualquier empresa es importante contar con proveedores<\/p>\n","protected":false},"author":1,"featured_media":253,"parent":0,"menu_order":0,"comment_status":"closed","ping_status":"closed","template":"","meta":{"_monsterinsights_skip_tracking":false,"_monsterinsights_sitenote_active":false,"_monsterinsights_sitenote_note":"","_monsterinsights_sitenote_category":0},"_links":{"self":[{"href":"https:\/\/suspensionyplafonesam.com.mx\/index.php?rest_route=\/wp\/v2\/pages\/10"}],"collection":[{"href":"https:\/\/suspensionyplafonesam.com.mx\/index.php?rest_route=\/wp\/v2\/pages"}],"about":[{"href":"https:\/\/suspensionyplafonesam.com.mx\/index.php?rest_route=\/wp\/v2\/types\/page"}],"author":[{"embeddable":true,"href":"https:\/\/suspensionyplafonesam.com.mx\/index.php?rest_route=\/wp\/v2\/users\/1"}],"replies":[{"embeddable":true,"href":"https:\/\/suspensionyplafonesam.com.mx\/index.php?rest_route=%2Fwp%2Fv2%2Fcomments&post=10"}],"version-history":[{"count":36,"href":"https:\/\/suspensionyplafonesam.com.mx\/index.php?rest_route=\/wp\/v2\/pages\/10\/revisions"}],"predecessor-version":[{"id":492,"href":"https:\/\/suspensionyplafonesam.com.mx\/index.php?rest_route=\/wp\/v2\/pages\/10\/revisions\/492"}],"wp:featuredmedia":[{"embeddable":true,"href":"https:\/\/suspensionyplafonesam.com.mx\/index.php?rest_route=\/wp\/v2\/media\/253"}],"wp:attachment":[{"href":"https:\/\/suspensionyplafonesam.com.mx\/index.php?rest_route=%2Fwp%2Fv2%2Fmedia&parent=10"}],"curies":[{"name":"wp","href":"https:\/\/api.w.org\/{rel}","templated":true}]}}