{"id":42,"date":"2012-07-27T17:05:30","date_gmt":"2012-07-27T17:05:30","guid":{"rendered":"http:\/\/www.immase.com.mx\/mex\/?page_id=42"},"modified":"2021-03-22T16:28:18","modified_gmt":"2021-03-22T22:28:18","slug":"servicios","status":"publish","type":"page","link":"https:\/\/suspensionyplafonesam.com.mx\/?page_id=42","title":{"rendered":"Servicios"},"content":{"rendered":"<p style=\"text-align: center;\"><a href=\"https:\/\/suspensionyplafonesam.com.mx\/servicios\/headerservicios\/\" rel=\"attachment wp-att-185\"><img decoding=\"async\" loading=\"lazy\" class=\"aligncenter wp-image-185 size-full\" src=\"https:\/\/suspensionyplafonesam.com.mx\/wp-content\/uploads\/HeaderServicios.jpg\" alt=\"HeaderServicios\" width=\"900\" height=\"324\" srcset=\"https:\/\/suspensionyplafonesam.com.mx\/wp-content\/uploads\/HeaderServicios.jpg 900w, https:\/\/suspensionyplafonesam.com.mx\/wp-content\/uploads\/HeaderServicios-300x108.jpg 300w\" sizes=\"(max-width: 900px) 100vw, 900px\" \/><\/a><\/p>\n<h2 style=\"text-align: center;\"><span style=\"color: #ff0000;\">Entre los servicios mas destacados<\/span><\/h2>\n<ul>\n<li>Contamos con excelentes instaladores para todo tipo de trabajos de construcci\u00f3n ligera.<\/li>\n<li>Trabajamos con peque\u00f1as, medianas, grandes empresas y con el p\u00fablico en general.<\/li>\n<li>Brindamos asesor\u00eda y cotizaciones en toda la Rep\u00fablica Mexicana.<\/li>\n<\/ul>\n<p>&nbsp;<\/p>\n<p style=\"text-align: center;\"><strong>VENTA E INSTALACION EN TODA LA REPUBLICA MEXICANA.<\/strong><\/p>\n<p style=\"text-align: center;\"><span style=\"color: #808080;\"><strong>ADEMAS CONTAMOS CON MUROS DE PANEL DE YESO, PLAFONES DE \u00a0TABLAROCA Y RETICULADOS DE TODAS LAS MARCAS.<\/strong><\/span><\/p>\n<div class='content-column one_third'><div style=\"padding-right:10px;padding-left:0px;\"><p>&nbsp;<\/p>\n<p><img decoding=\"async\" loading=\"lazy\" class=\"aligncenter wp-image-493 size-medium\" src=\"https:\/\/suspensionyplafonesam.com.mx\/wp-content\/uploads\/WhatsApp-Image-2021-03-12-at-3.11.21-PM-300x250.jpeg\" alt=\"\" width=\"300\" height=\"250\" srcset=\"https:\/\/suspensionyplafonesam.com.mx\/wp-content\/uploads\/WhatsApp-Image-2021-03-12-at-3.11.21-PM-300x250.jpeg 300w, https:\/\/suspensionyplafonesam.com.mx\/wp-content\/uploads\/WhatsApp-Image-2021-03-12-at-3.11.21-PM-768x640.jpeg 768w, https:\/\/suspensionyplafonesam.com.mx\/wp-content\/uploads\/WhatsApp-Image-2021-03-12-at-3.11.21-PM.jpeg 1024w\" sizes=\"(max-width: 300px) 100vw, 300px\" \/><\/p><\/div><\/div>\n<div class='content-column one_third'><div style=\"padding-right:0px;padding-left:0px;\"><p>&nbsp;<\/p>\n<p><img decoding=\"async\" loading=\"lazy\" class=\"aligncenter wp-image-495 size-medium\" src=\"https:\/\/suspensionyplafonesam.com.mx\/wp-content\/uploads\/WhatsApp-Image-2021-03-12-at-3.11.21-PM-2-300x250.jpeg\" alt=\"\" width=\"300\" height=\"250\" srcset=\"https:\/\/suspensionyplafonesam.com.mx\/wp-content\/uploads\/WhatsApp-Image-2021-03-12-at-3.11.21-PM-2-300x250.jpeg 300w, https:\/\/suspensionyplafonesam.com.mx\/wp-content\/uploads\/WhatsApp-Image-2021-03-12-at-3.11.21-PM-2-768x640.jpeg 768w, https:\/\/suspensionyplafonesam.com.mx\/wp-content\/uploads\/WhatsApp-Image-2021-03-12-at-3.11.21-PM-2.jpeg 1024w\" sizes=\"(max-width: 300px) 100vw, 300px\" \/><\/p><\/div><\/div>\n<div class='content-column one_third'><div style=\"padding-right:10px;padding-left:10px;\"><p><img decoding=\"async\" loading=\"lazy\" class=\"aligncenter wp-image-498 size-medium\" src=\"https:\/\/suspensionyplafonesam.com.mx\/wp-content\/uploads\/WhatsApp-Image-2021-03-12-at-3.11.21-PM-4-250x300.jpeg\" alt=\"\" width=\"250\" height=\"300\" srcset=\"https:\/\/suspensionyplafonesam.com.mx\/wp-content\/uploads\/WhatsApp-Image-2021-03-12-at-3.11.21-PM-4-250x300.jpeg 250w, https:\/\/suspensionyplafonesam.com.mx\/wp-content\/uploads\/WhatsApp-Image-2021-03-12-at-3.11.21-PM-4-768x922.jpeg 768w, https:\/\/suspensionyplafonesam.com.mx\/wp-content\/uploads\/WhatsApp-Image-2021-03-12-at-3.11.21-PM-4.jpeg 853w\" sizes=\"(max-width: 250px) 100vw, 250px\" \/><\/p><\/div><\/div>\n<div class='content-column one_third'><div style=\"padding-right:0px;padding-left:0px;\"><p><img decoding=\"async\" loading=\"lazy\" class=\"aligncenter wp-image-497 size-medium\" src=\"https:\/\/suspensionyplafonesam.com.mx\/wp-content\/uploads\/WhatsApp-Image-2021-03-12-at-3.11.21-PM-3-250x300.jpeg\" alt=\"\" width=\"250\" height=\"300\" srcset=\"https:\/\/suspensionyplafonesam.com.mx\/wp-content\/uploads\/WhatsApp-Image-2021-03-12-at-3.11.21-PM-3-250x300.jpeg 250w, https:\/\/suspensionyplafonesam.com.mx\/wp-content\/uploads\/WhatsApp-Image-2021-03-12-at-3.11.21-PM-3-768x922.jpeg 768w, https:\/\/suspensionyplafonesam.com.mx\/wp-content\/uploads\/WhatsApp-Image-2021-03-12-at-3.11.21-PM-3.jpeg 853w\" sizes=\"(max-width: 250px) 100vw, 250px\" \/><\/p><\/div><\/div>\n<div class='content-column one_third'><div style=\"padding-right:10px;padding-left:10px;\"><p><img decoding=\"async\" loading=\"lazy\" class=\"aligncenter wp-image-514 size-medium\" src=\"https:\/\/suspensionyplafonesam.com.mx\/wp-content\/uploads\/WhatsApp-Image-2021-03-12-at-3.11.21-PM-5-300x300.jpeg\" alt=\"\" width=\"300\" height=\"300\" srcset=\"https:\/\/suspensionyplafonesam.com.mx\/wp-content\/uploads\/WhatsApp-Image-2021-03-12-at-3.11.21-PM-5-300x300.jpeg 300w, https:\/\/suspensionyplafonesam.com.mx\/wp-content\/uploads\/WhatsApp-Image-2021-03-12-at-3.11.21-PM-5-150x150.jpeg 150w, https:\/\/suspensionyplafonesam.com.mx\/wp-content\/uploads\/WhatsApp-Image-2021-03-12-at-3.11.21-PM-5-230x230.jpeg 230w, https:\/\/suspensionyplafonesam.com.mx\/wp-content\/uploads\/WhatsApp-Image-2021-03-12-at-3.11.21-PM-5-365x365.jpeg 365w, https:\/\/suspensionyplafonesam.com.mx\/wp-content\/uploads\/WhatsApp-Image-2021-03-12-at-3.11.21-PM-5.jpeg 763w\" sizes=\"(max-width: 300px) 100vw, 300px\" \/><\/p><\/div><\/div>\n<div class='content-column one_third'><div style=\"padding-right:10px;padding-left:10px;\"><p><img decoding=\"async\" loading=\"lazy\" class=\"aligncenter wp-image-519 size-medium\" src=\"https:\/\/suspensionyplafonesam.com.mx\/wp-content\/uploads\/WhatsApp-Image-2021-03-12-at-3.11.21-PM-6-270x300.jpeg\" alt=\"\" width=\"270\" height=\"300\" srcset=\"https:\/\/suspensionyplafonesam.com.mx\/wp-content\/uploads\/WhatsApp-Image-2021-03-12-at-3.11.21-PM-6-270x300.jpeg 270w, https:\/\/suspensionyplafonesam.com.mx\/wp-content\/uploads\/WhatsApp-Image-2021-03-12-at-3.11.21-PM-6-768x853.jpeg 768w, https:\/\/suspensionyplafonesam.com.mx\/wp-content\/uploads\/WhatsApp-Image-2021-03-12-at-3.11.21-PM-6.jpeg 900w\" sizes=\"(max-width: 270px) 100vw, 270px\" \/><\/p>\n<p>&nbsp;<\/p><\/div><\/div>\n<div class='content-column one_third'><div style=\"padding-right:10px;padding-left:10px;\"><p><img decoding=\"async\" loading=\"lazy\" class=\"aligncenter wp-image-520 size-medium\" src=\"https:\/\/suspensionyplafonesam.com.mx\/wp-content\/uploads\/WhatsApp-Image-2021-03-12-at-3.11.21-PM-7-300x300.jpeg\" alt=\"\" width=\"300\" height=\"300\" srcset=\"https:\/\/suspensionyplafonesam.com.mx\/wp-content\/uploads\/WhatsApp-Image-2021-03-12-at-3.11.21-PM-7-300x300.jpeg 300w, https:\/\/suspensionyplafonesam.com.mx\/wp-content\/uploads\/WhatsApp-Image-2021-03-12-at-3.11.21-PM-7-150x150.jpeg 150w, https:\/\/suspensionyplafonesam.com.mx\/wp-content\/uploads\/WhatsApp-Image-2021-03-12-at-3.11.21-PM-7-230x230.jpeg 230w, https:\/\/suspensionyplafonesam.com.mx\/wp-content\/uploads\/WhatsApp-Image-2021-03-12-at-3.11.21-PM-7-365x365.jpeg 365w, https:\/\/suspensionyplafonesam.com.mx\/wp-content\/uploads\/WhatsApp-Image-2021-03-12-at-3.11.21-PM-7.jpeg 764w\" sizes=\"(max-width: 300px) 100vw, 300px\" \/><\/p><\/div><\/div>\n<div class='content-column one_third'><div style=\"padding-right:10px;padding-left:10px;\"><p><img decoding=\"async\" loading=\"lazy\" class=\"aligncenter wp-image-521 size-medium\" src=\"https:\/\/suspensionyplafonesam.com.mx\/wp-content\/uploads\/WhatsApp-Image-2021-03-12-at-3.11.21-PM-8-300x300.jpeg\" alt=\"\" width=\"300\" height=\"300\" srcset=\"https:\/\/suspensionyplafonesam.com.mx\/wp-content\/uploads\/WhatsApp-Image-2021-03-12-at-3.11.21-PM-8-300x300.jpeg 300w, https:\/\/suspensionyplafonesam.com.mx\/wp-content\/uploads\/WhatsApp-Image-2021-03-12-at-3.11.21-PM-8-150x150.jpeg 150w, https:\/\/suspensionyplafonesam.com.mx\/wp-content\/uploads\/WhatsApp-Image-2021-03-12-at-3.11.21-PM-8-768x768.jpeg 768w, https:\/\/suspensionyplafonesam.com.mx\/wp-content\/uploads\/WhatsApp-Image-2021-03-12-at-3.11.21-PM-8-230x230.jpeg 230w, https:\/\/suspensionyplafonesam.com.mx\/wp-content\/uploads\/WhatsApp-Image-2021-03-12-at-3.11.21-PM-8-365x365.jpeg 365w, https:\/\/suspensionyplafonesam.com.mx\/wp-content\/uploads\/WhatsApp-Image-2021-03-12-at-3.11.21-PM-8.jpeg 879w\" sizes=\"(max-width: 300px) 100vw, 300px\" \/><\/p><\/div><\/div>\n<div class='content-column one_third'><div style=\"padding-right:10px;padding-left:10px;\"><\/div><\/div>\n","protected":false},"excerpt":{"rendered":"<p>Entre los servicios mas destacados Contamos con excelentes instaladores para todo tipo de trabajos de construcci\u00f3n ligera. Trabajamos con peque\u00f1as, medianas, grandes empresas y con el p\u00fablico en general. Brindamos asesor\u00eda y cotizaciones en toda la Rep\u00fablica Mexicana. &nbsp; VENTA<\/p>\n","protected":false},"author":1,"featured_media":115,"parent":0,"menu_order":0,"comment_status":"closed","ping_status":"closed","template":"","meta":{"_monsterinsights_skip_tracking":false,"_monsterinsights_sitenote_active":false,"_monsterinsights_sitenote_note":"","_monsterinsights_sitenote_category":0},"_links":{"self":[{"href":"https:\/\/suspensionyplafonesam.com.mx\/index.php?rest_route=\/wp\/v2\/pages\/42"}],"collection":[{"href":"https:\/\/suspensionyplafonesam.com.mx\/index.php?rest_route=\/wp\/v2\/pages"}],"about":[{"href":"https:\/\/suspensionyplafonesam.com.mx\/index.php?rest_route=\/wp\/v2\/types\/page"}],"author":[{"embeddable":true,"href":"https:\/\/suspensionyplafonesam.com.mx\/index.php?rest_route=\/wp\/v2\/users\/1"}],"replies":[{"embeddable":true,"href":"https:\/\/suspensionyplafonesam.com.mx\/index.php?rest_route=%2Fwp%2Fv2%2Fcomments&post=42"}],"version-history":[{"count":49,"href":"https:\/\/suspensionyplafonesam.com.mx\/index.php?rest_route=\/wp\/v2\/pages\/42\/revisions"}],"predecessor-version":[{"id":522,"href":"https:\/\/suspensionyplafonesam.com.mx\/index.php?rest_route=\/wp\/v2\/pages\/42\/revisions\/522"}],"wp:featuredmedia":[{"embeddable":true,"href":"https:\/\/suspensionyplafonesam.com.mx\/index.php?rest_route=\/wp\/v2\/media\/115"}],"wp:attachment":[{"href":"https:\/\/suspensionyplafonesam.com.mx\/index.php?rest_route=%2Fwp%2Fv2%2Fmedia&parent=42"}],"curies":[{"name":"wp","href":"https:\/\/api.w.org\/{rel}","templated":true}]}}